{"id":298,"date":"2023-06-26T17:14:08","date_gmt":"2023-06-26T15:14:08","guid":{"rendered":"https:\/\/www.fracartothequenouvelleaquitaine.fr\/new_website\/?page_id=298"},"modified":"2025-05-08T16:46:39","modified_gmt":"2025-05-08T14:46:39","slug":"borrowing-a-work","status":"publish","type":"page","link":"https:\/\/www.fracartothequenouvelleaquitaine.fr\/en\/borrowing-a-work\/","title":{"rendered":"Borrowing a work from the Artoth\u00e8que"},"content":{"rendered":"","protected":false},"excerpt":{"rendered":"","protected":false},"author":1,"featured_media":0,"parent":0,"menu_order":12,"comment_status":"closed","ping_status":"closed","template":"","meta":{"_acf_changed":false,"footnotes":""},"class_list":["post-298","page","type-page","status-publish","hentry"],"acf":[],"yoast_head":"<!-- This site is optimized with the Yoast SEO plugin v27.6 - https:\/\/yoast.com\/product\/yoast-seo-wordpress\/ -->\n<title>Borrowing a work from the Artoth\u00e8que - Frac-Artoth\u00e8que Nouvelle-Aquitaine<\/title>\n<meta name=\"robots\" content=\"index, follow, max-snippet:-1, max-image-preview:large, max-video-preview:-1\" \/>\n<link rel=\"canonical\" href=\"https:\/\/www.fracartothequenouvelleaquitaine.fr\/en\/borrowing-a-work\/\" \/>\n<meta property=\"og:locale\" content=\"en_US\" \/>\n<meta property=\"og:type\" content=\"article\" \/>\n<meta property=\"og:title\" content=\"Borrowing a work from the Artoth\u00e8que - Frac-Artoth\u00e8que Nouvelle-Aquitaine\" \/>\n<meta property=\"og:url\" content=\"https:\/\/www.fracartothequenouvelleaquitaine.fr\/en\/borrowing-a-work\/\" \/>\n<meta property=\"og:site_name\" content=\"Frac-Artoth\u00e8que Nouvelle-Aquitaine\" \/>\n<meta property=\"article:modified_time\" content=\"2025-05-08T14:46:39+00:00\" \/>\n<meta name=\"twitter:card\" content=\"summary_large_image\" \/>\n<script type=\"application\/ld+json\" class=\"yoast-schema-graph\">{\"@context\":\"https:\\\/\\\/schema.org\",\"@graph\":[{\"@type\":\"WebPage\",\"@id\":\"https:\\\/\\\/www.fracartothequenouvelleaquitaine.fr\\\/en\\\/borrowing-a-work\\\/\",\"url\":\"https:\\\/\\\/www.fracartothequenouvelleaquitaine.fr\\\/en\\\/borrowing-a-work\\\/\",\"name\":\"Borrowing a work from the Artoth\u00e8que - Frac-Artoth\u00e8que Nouvelle-Aquitaine\",\"isPartOf\":{\"@id\":\"https:\\\/\\\/www.fracartothequenouvelleaquitaine.fr\\\/en\\\/#website\"},\"datePublished\":\"2023-06-26T15:14:08+00:00\",\"dateModified\":\"2025-05-08T14:46:39+00:00\",\"breadcrumb\":{\"@id\":\"https:\\\/\\\/www.fracartothequenouvelleaquitaine.fr\\\/en\\\/borrowing-a-work\\\/#breadcrumb\"},\"inLanguage\":\"en-US\",\"potentialAction\":[{\"@type\":\"ReadAction\",\"target\":[\"https:\\\/\\\/www.fracartothequenouvelleaquitaine.fr\\\/en\\\/borrowing-a-work\\\/\"]}]},{\"@type\":\"BreadcrumbList\",\"@id\":\"https:\\\/\\\/www.fracartothequenouvelleaquitaine.fr\\\/en\\\/borrowing-a-work\\\/#breadcrumb\",\"itemListElement\":[{\"@type\":\"ListItem\",\"position\":1,\"name\":\"Home\",\"item\":\"https:\\\/\\\/www.fracartothequenouvelleaquitaine.fr\\\/en\\\/\"},{\"@type\":\"ListItem\",\"position\":2,\"name\":\"Borrowing a work from the Artoth\u00e8que\"}]},{\"@type\":\"WebSite\",\"@id\":\"https:\\\/\\\/www.fracartothequenouvelleaquitaine.fr\\\/en\\\/#website\",\"url\":\"https:\\\/\\\/www.fracartothequenouvelleaquitaine.fr\\\/en\\\/\",\"name\":\"Frac-Artoth\u00e8que Nouvelle-Aquitaine\",\"description\":\"Le Frac-Artoth\u00e8que Nouvelle-Aquitaine est une institution labellis\u00e9e d\u2019int\u00e9r\u00eat g\u00e9n\u00e9ral financ\u00e9e par l\u2019Etat et la R\u00e9gion Nouvelle-Aquitaine qui a pour mission l\u2019acquisition et la diffusion d\u2019\u0153uvres, ainsi que la m\u00e9diation aupr\u00e8s de toutes les personnes. Fusion unique en France, le Frac-Arto r\u00e9unit deux collections : celle du Fonds R\u00e9gional d\u2019Art Contemporain et celle de l\u2019Artoth\u00e8que.\",\"potentialAction\":[{\"@type\":\"SearchAction\",\"target\":{\"@type\":\"EntryPoint\",\"urlTemplate\":\"https:\\\/\\\/www.fracartothequenouvelleaquitaine.fr\\\/en\\\/?s={search_term_string}\"},\"query-input\":{\"@type\":\"PropertyValueSpecification\",\"valueRequired\":true,\"valueName\":\"search_term_string\"}}],\"inLanguage\":\"en-US\"}]}<\/script>\n<!-- \/ Yoast SEO plugin. -->","yoast_head_json":{"title":"Borrowing a work from the Artoth\u00e8que - Frac-Artoth\u00e8que Nouvelle-Aquitaine","robots":{"index":"index","follow":"follow","max-snippet":"max-snippet:-1","max-image-preview":"max-image-preview:large","max-video-preview":"max-video-preview:-1"},"canonical":"https:\/\/www.fracartothequenouvelleaquitaine.fr\/en\/borrowing-a-work\/","og_locale":"en_US","og_type":"article","og_title":"Borrowing a work from the Artoth\u00e8que - Frac-Artoth\u00e8que Nouvelle-Aquitaine","og_url":"https:\/\/www.fracartothequenouvelleaquitaine.fr\/en\/borrowing-a-work\/","og_site_name":"Frac-Artoth\u00e8que Nouvelle-Aquitaine","article_modified_time":"2025-05-08T14:46:39+00:00","twitter_card":"summary_large_image","schema":{"@context":"https:\/\/schema.org","@graph":[{"@type":"WebPage","@id":"https:\/\/www.fracartothequenouvelleaquitaine.fr\/en\/borrowing-a-work\/","url":"https:\/\/www.fracartothequenouvelleaquitaine.fr\/en\/borrowing-a-work\/","name":"Borrowing a work from the Artoth\u00e8que - Frac-Artoth\u00e8que Nouvelle-Aquitaine","isPartOf":{"@id":"https:\/\/www.fracartothequenouvelleaquitaine.fr\/en\/#website"},"datePublished":"2023-06-26T15:14:08+00:00","dateModified":"2025-05-08T14:46:39+00:00","breadcrumb":{"@id":"https:\/\/www.fracartothequenouvelleaquitaine.fr\/en\/borrowing-a-work\/#breadcrumb"},"inLanguage":"en-US","potentialAction":[{"@type":"ReadAction","target":["https:\/\/www.fracartothequenouvelleaquitaine.fr\/en\/borrowing-a-work\/"]}]},{"@type":"BreadcrumbList","@id":"https:\/\/www.fracartothequenouvelleaquitaine.fr\/en\/borrowing-a-work\/#breadcrumb","itemListElement":[{"@type":"ListItem","position":1,"name":"Home","item":"https:\/\/www.fracartothequenouvelleaquitaine.fr\/en\/"},{"@type":"ListItem","position":2,"name":"Borrowing a work from the Artoth\u00e8que"}]},{"@type":"WebSite","@id":"https:\/\/www.fracartothequenouvelleaquitaine.fr\/en\/#website","url":"https:\/\/www.fracartothequenouvelleaquitaine.fr\/en\/","name":"Frac-Artoth\u00e8que Nouvelle-Aquitaine","description":"Le Frac-Artoth\u00e8que Nouvelle-Aquitaine est une institution labellis\u00e9e d\u2019int\u00e9r\u00eat g\u00e9n\u00e9ral financ\u00e9e par l\u2019Etat et la R\u00e9gion Nouvelle-Aquitaine qui a pour mission l\u2019acquisition et la diffusion d\u2019\u0153uvres, ainsi que la m\u00e9diation aupr\u00e8s de toutes les personnes. Fusion unique en France, le Frac-Arto r\u00e9unit deux collections : celle du Fonds R\u00e9gional d\u2019Art Contemporain et celle de l\u2019Artoth\u00e8que.","potentialAction":[{"@type":"SearchAction","target":{"@type":"EntryPoint","urlTemplate":"https:\/\/www.fracartothequenouvelleaquitaine.fr\/en\/?s={search_term_string}"},"query-input":{"@type":"PropertyValueSpecification","valueRequired":true,"valueName":"search_term_string"}}],"inLanguage":"en-US"}]}},"_links":{"self":[{"href":"https:\/\/www.fracartothequenouvelleaquitaine.fr\/en\/wp-json\/wp\/v2\/pages\/298","targetHints":{"allow":["GET"]}}],"collection":[{"href":"https:\/\/www.fracartothequenouvelleaquitaine.fr\/en\/wp-json\/wp\/v2\/pages"}],"about":[{"href":"https:\/\/www.fracartothequenouvelleaquitaine.fr\/en\/wp-json\/wp\/v2\/types\/page"}],"author":[{"embeddable":true,"href":"https:\/\/www.fracartothequenouvelleaquitaine.fr\/en\/wp-json\/wp\/v2\/users\/1"}],"replies":[{"embeddable":true,"href":"https:\/\/www.fracartothequenouvelleaquitaine.fr\/en\/wp-json\/wp\/v2\/comments?post=298"}],"version-history":[{"count":7,"href":"https:\/\/www.fracartothequenouvelleaquitaine.fr\/en\/wp-json\/wp\/v2\/pages\/298\/revisions"}],"predecessor-version":[{"id":1208,"href":"https:\/\/www.fracartothequenouvelleaquitaine.fr\/en\/wp-json\/wp\/v2\/pages\/298\/revisions\/1208"}],"wp:attachment":[{"href":"https:\/\/www.fracartothequenouvelleaquitaine.fr\/en\/wp-json\/wp\/v2\/media?parent=298"}],"curies":[{"name":"wp","href":"https:\/\/api.w.org\/{rel}","templated":true}]}}